{"id":2373,"date":"2015-05-05T12:26:02","date_gmt":"2015-05-05T10:26:02","guid":{"rendered":"http:\/\/tellusignis.com\/?page_id=2373"},"modified":"2025-07-24T11:12:41","modified_gmt":"2025-07-24T09:12:41","slug":"qui-som","status":"publish","type":"page","link":"https:\/\/tellusignis.com\/ca\/qui-som\/","title":{"rendered":"Qui som?"},"content":{"rendered":"\t\t<div data-elementor-type=\"wp-page\" data-elementor-id=\"2373\" class=\"elementor elementor-2373\" data-elementor-post-type=\"page\">\n\t\t\t\t<div class=\"elementor-element elementor-element-6dcb1f52 e-flex e-con-boxed e-con e-parent\" data-id=\"6dcb1f52\" data-element_type=\"container\">\n\t\t\t\t\t<div class=\"e-con-inner\">\n\t\t\t\t<div class=\"elementor-element elementor-element-43c4a567 elementor-widget elementor-widget-text-editor\" data-id=\"43c4a567\" data-element_type=\"widget\" data-widget_type=\"text-editor.default\">\n\t\t\t\t<div class=\"elementor-widget-container\">\n\t\t\t\t\t\t\t\t\t<p>&nbsp;<\/p>\r\n\r\n<div class=\"row\">\r\n<div class=\"col-md-6\">Tellus neix amb el primer dia de l\u2019any 2012, encara que l\u2019experi\u00e8ncia de tots els seus components en el camp de l\u2019aplicaci\u00f3 de l\u2019energia geot\u00e8rmica es remunta a 10 anys enrere, quan es va crear la primera empresa espanyola dedicada exclusivament a aquest camp d\u2019actuaci\u00f3.<br \/>\r\nEfectivament, al 2002 va n\u00e9ixer Geotics, la qual inicia l\u2019aventura d\u2019extreure energia del subs\u00f2l per reduir el consum energ\u00e8tic i les emissions de CO2&nbsp;en l\u2019\u00e0mbit de la climatitzaci\u00f3. Fins aquella data, la geot\u00e8rmia de baixa entalpia, la que utilitza una bomba de calor com a mitj\u00e0 de transport de calories entre dos cossos a temperatures diferents, era una disciplina nom\u00e9s posada en pr\u00e0ctica de forma molt experimental en ambients acad\u00e8mics.<br \/>\r\nY es precisament al Gener de 2012 quan Geotics decideix diversificar les seves actuacions, focalitzant majors recursos en el camp de la distribuci\u00f3 dels equips fabricats a Su\u00e8cia per el grup NIBE AB. Como tots, NIBE declara ser el l\u00edder Europeu en el disseny i fabricaci\u00f3 de bombes de calor, ja siguin geot\u00e8rmiques, aerot\u00e8rmiques o de recuperaci\u00f3 de calor, aix\u00ed com de tots els components annexos a aquesta tecnologia. Per\u00f2 lo cert \u00e9s que el grup NIBE AB, a data d\u2019avui, est\u00e0 compost per m\u00e9s de 11.000 persones, amb processos de fabricaci\u00f3 integrats d\u2019on la mat\u00e8ria prima es converteix en producte acabat a la mateixa factoria, i un creixement sostingut de la seva activitat del 20% anual.<br \/>\r\nEn resum, Tellus es el distribu\u00efdor de NIBE AB a Espanya i Andorra.<\/div>\r\n\r\n<div class=\"col-md-6 rtecenter\"><img fetchpriority=\"high\" decoding=\"async\" class=\" alignright size-full wp-image-2372\" alt=\"\" src=\"http:\/\/tellusignis.com\/wp-content\/uploads\/2015\/05\/nibe_f1255_interior.jpg\" style=\"width: 550px; height: 388px; float: right;\" width=\"1200\" height=\"848\" srcset=\"https:\/\/tellusignis.com\/wp-content\/uploads\/2015\/05\/nibe_f1255_interior.jpg 1200w, https:\/\/tellusignis.com\/wp-content\/uploads\/2015\/05\/nibe_f1255_interior-300x212.jpg 300w, https:\/\/tellusignis.com\/wp-content\/uploads\/2015\/05\/nibe_f1255_interior-1024x724.jpg 1024w, https:\/\/tellusignis.com\/wp-content\/uploads\/2015\/05\/nibe_f1255_interior-768x543.jpg 768w\" sizes=\"(max-width: 1200px) 100vw, 1200px\" \/><\/div>\r\n\r\n<div class=\"col-md-6 rtecenter\">&nbsp;<\/div>\r\n\r\n<div class=\"col-md-6 rtecenter\">&nbsp;<\/div>\r\n<\/div>\r\n\r\n<p>&nbsp;<\/p>\r\n\t\t\t\t\t\t\t\t<\/div>\n\t\t\t\t<\/div>\n\t\t\t\t\t<\/div>\n\t\t\t\t<\/div>\n\t\t<div class=\"elementor-element elementor-element-06f22cb e-flex e-con-boxed e-con e-parent\" data-id=\"06f22cb\" data-element_type=\"container\">\n\t\t\t\t\t<div class=\"e-con-inner\">\n\t\t\t\t\t<\/div>\n\t\t\t\t<\/div>\n\t\t<div class=\"elementor-element elementor-element-1a7187d e-flex e-con-boxed e-con e-parent\" data-id=\"1a7187d\" data-element_type=\"container\">\n\t\t\t\t\t<div class=\"e-con-inner\">\n\t\t\t\t\t<\/div>\n\t\t\t\t<\/div>\n\t\t\t\t<\/div>\n\t\t","protected":false},"excerpt":{"rendered":"<p>&nbsp; Tellus neix amb el primer dia de l\u2019any 2012, encara que l\u2019experi\u00e8ncia de tots els seus components en el camp de l\u2019aplicaci\u00f3 de l\u2019energia geot\u00e8rmica es remunta a 10 anys enrere, quan es va crear la primera empresa espanyola dedicada exclusivament a aquest camp d\u2019actuaci\u00f3. Efectivament, al 2002 va n\u00e9ixer Geotics, la qual inicia [&hellip;]<\/p>\n","protected":false},"author":52,"featured_media":2372,"parent":0,"menu_order":0,"comment_status":"closed","ping_status":"closed","template":"","meta":{"_acf_changed":false,"footnotes":""},"class_list":["post-2373","page","type-page","status-publish","has-post-thumbnail","hentry"],"acf":[],"_links":{"self":[{"href":"https:\/\/tellusignis.com\/ca\/wp-json\/wp\/v2\/pages\/2373","targetHints":{"allow":["GET"]}}],"collection":[{"href":"https:\/\/tellusignis.com\/ca\/wp-json\/wp\/v2\/pages"}],"about":[{"href":"https:\/\/tellusignis.com\/ca\/wp-json\/wp\/v2\/types\/page"}],"author":[{"embeddable":true,"href":"https:\/\/tellusignis.com\/ca\/wp-json\/wp\/v2\/users\/52"}],"replies":[{"embeddable":true,"href":"https:\/\/tellusignis.com\/ca\/wp-json\/wp\/v2\/comments?post=2373"}],"version-history":[{"count":3,"href":"https:\/\/tellusignis.com\/ca\/wp-json\/wp\/v2\/pages\/2373\/revisions"}],"predecessor-version":[{"id":4993,"href":"https:\/\/tellusignis.com\/ca\/wp-json\/wp\/v2\/pages\/2373\/revisions\/4993"}],"wp:featuredmedia":[{"embeddable":true,"href":"https:\/\/tellusignis.com\/ca\/wp-json\/wp\/v2\/media\/2372"}],"wp:attachment":[{"href":"https:\/\/tellusignis.com\/ca\/wp-json\/wp\/v2\/media?parent=2373"}],"curies":[{"name":"wp","href":"https:\/\/api.w.org\/{rel}","templated":true}]}}