{"id":2381,"date":"2015-05-19T10:23:42","date_gmt":"2015-05-19T08:23:42","guid":{"rendered":"http:\/\/tellusignis.com\/?page_id=2381"},"modified":"2020-05-28T10:42:44","modified_gmt":"2020-05-28T08:42:44","slug":"bombes-de-calor-aerotermiques","status":"publish","type":"page","link":"https:\/\/tellusignis.com\/ca\/bombes-de-calor-aerotermiques\/","title":{"rendered":"Bombes de calor aerot\u00e8rmiques"},"content":{"rendered":"<p>&nbsp;<\/p>\n<div class=\"row\">\n<div class=\"col-md-6\">\n<p>Instal\u00b7lant una bomba de calor aerot\u00e8rmica&nbsp;es pot fer servir l\u2019aire exterior, un dels regals totalment gratu\u00efts de la naturalesa per escalfar i refredar el seu habitatge.&nbsp;<br \/>\nAmb la instal\u00b7laci\u00f3 d\u2019una bomba de calor aerot\u00e8rmica NIBE pot arribar a reduir el consum d\u2019energia fins un 65%, a m\u00e9s, produeix moltes menys emissions de CO2 que un sistema de calefacci\u00f3 tradicional basat en combustibles f\u00f2ssils.<br \/>\nNIBE disposa actualment d\u2019una gama de producte que va des dels 6 als 20 kW de pot\u00e8ncia t\u00e8rmica.&nbsp;&nbsp;<\/p>\n<p><a class=\"boto\" href=\"https:\/\/www.nibe.eu\/en-eu\/products\/heat-pumps\/air-water-heat-pumps\" target=\"_blank\">Veure productes<\/a><\/div>\n<div class=\"col-md-6 rtecenter\"><img fetchpriority=\"high\" decoding=\"async\" class=\" alignright size-full wp-image-2379\" alt=\"\" src=\"http:\/\/tellusignis.com\/wp-content\/uploads\/2015\/05\/imagen1_retallada.jpg\" style=\"width: 500px; height: 285px; float: right;\" width=\"907\" height=\"610\" srcset=\"https:\/\/tellusignis.com\/wp-content\/uploads\/2015\/05\/imagen1_retallada.jpg 907w, https:\/\/tellusignis.com\/wp-content\/uploads\/2015\/05\/imagen1_retallada-300x202.jpg 300w, https:\/\/tellusignis.com\/wp-content\/uploads\/2015\/05\/imagen1_retallada-768x517.jpg 768w\" sizes=\"(max-width: 907px) 100vw, 907px\" \/><\/div>\n<div class=\"col-md-6 rtecenter\">&nbsp;<\/div>\n<div class=\"col-md-6 rtecenter\">&nbsp;<\/div>\n<\/div>\n<p>&nbsp;<\/p>\n","protected":false},"excerpt":{"rendered":"<p>&nbsp; Instal\u00b7lant una bomba de calor aerot\u00e8rmica&nbsp;es pot fer servir l\u2019aire exterior, un dels regals totalment gratu\u00efts de la naturalesa per escalfar i refredar el seu habitatge.&nbsp; Amb la instal\u00b7laci\u00f3 d\u2019una bomba de calor aerot\u00e8rmica NIBE pot arribar a reduir el consum d\u2019energia fins un 65%, a m\u00e9s, produeix moltes menys emissions de CO2 que [&hellip;]<\/p>\n","protected":false},"author":52,"featured_media":2379,"parent":0,"menu_order":0,"comment_status":"closed","ping_status":"closed","template":"","meta":{"_acf_changed":false,"footnotes":""},"class_list":["post-2381","page","type-page","status-publish","has-post-thumbnail","hentry"],"acf":[],"_links":{"self":[{"href":"https:\/\/tellusignis.com\/ca\/wp-json\/wp\/v2\/pages\/2381","targetHints":{"allow":["GET"]}}],"collection":[{"href":"https:\/\/tellusignis.com\/ca\/wp-json\/wp\/v2\/pages"}],"about":[{"href":"https:\/\/tellusignis.com\/ca\/wp-json\/wp\/v2\/types\/page"}],"author":[{"embeddable":true,"href":"https:\/\/tellusignis.com\/ca\/wp-json\/wp\/v2\/users\/52"}],"replies":[{"embeddable":true,"href":"https:\/\/tellusignis.com\/ca\/wp-json\/wp\/v2\/comments?post=2381"}],"version-history":[{"count":0,"href":"https:\/\/tellusignis.com\/ca\/wp-json\/wp\/v2\/pages\/2381\/revisions"}],"wp:featuredmedia":[{"embeddable":true,"href":"https:\/\/tellusignis.com\/ca\/wp-json\/wp\/v2\/media\/2379"}],"wp:attachment":[{"href":"https:\/\/tellusignis.com\/ca\/wp-json\/wp\/v2\/media?parent=2381"}],"curies":[{"name":"wp","href":"https:\/\/api.w.org\/{rel}","templated":true}]}}