{"id":2387,"date":"2015-05-19T10:25:30","date_gmt":"2015-05-19T08:25:30","guid":{"rendered":"http:\/\/tellusignis.com\/?page_id=2387"},"modified":"2020-12-02T08:38:31","modified_gmt":"2020-12-02T07:38:31","slug":"unitats-de-ventilacio-amb-recuperacio-de-calor","status":"publish","type":"page","link":"https:\/\/tellusignis.com\/ca\/unitats-de-ventilacio-amb-recuperacio-de-calor\/","title":{"rendered":"Unitats de ventilaci\u00f3 amb recuperaci\u00f3 de calor"},"content":{"rendered":"<p>&nbsp;<\/p>\n<div class=\"row\">\n<div class=\"col-md-6\">\n<p>Utilitzant una unitat de ventilaci\u00f3 amb recuperaci\u00f3 de calor NIBE pot realitzar la ventilaci\u00f3 del seu habitatge de la forma m\u00e9s eficient. Aquesta unitat recupera el calor de l&#8217;aire d&#8217;extracci\u00f3 i el cedeix a l&#8217;aire renovat que entra a l&#8217;habitatge evitant que entri a temperatura ambient.<\/p>\n<p>Aquestes unitats estan destinades tant per a noves instal\u00b7lacions com per a reformes en edificacions ja existents.<\/p>\n<p>Alguns models es poden combinar amb una bomba de calor geot\u00e8rmica o aerot\u00e8rmica NIBE. En aquest cas, a la pantalla de control de la bomba de calor o m\u00f2dul interior NIBE apareixen tots els men\u00fas de funcionament de la unitat de ventilaci\u00f3.<\/p>\n<p>Poden aconseguir fins a un 92% de recuperaci\u00f3 d&#8217;energia.<\/p>\n<p><a class=\"boto\" href=\"https:\/\/www.nibe.eu\/es\/es\/productos\/ventilacion\" target=\"_blank\">Veure productes<\/a><\/p>\n<p>&nbsp;<\/p>\n<p>&nbsp;&nbsp;<\/p><\/div>\n<div class=\"col-md-6 rtecenter\"><img fetchpriority=\"high\" decoding=\"async\" class=\" alignright size-full wp-image-2385\" alt=\"\" src=\"http:\/\/tellusignis.com\/wp-content\/uploads\/2015\/05\/imagen1_2.png\" style=\"width: 498px; height: 275px; float: right;\" width=\"800\" height=\"426\" srcset=\"https:\/\/tellusignis.com\/wp-content\/uploads\/2015\/05\/imagen1_2.png 800w, https:\/\/tellusignis.com\/wp-content\/uploads\/2015\/05\/imagen1_2-300x160.png 300w, https:\/\/tellusignis.com\/wp-content\/uploads\/2015\/05\/imagen1_2-768x409.png 768w\" sizes=\"(max-width: 800px) 100vw, 800px\" \/><\/div>\n<div class=\"col-md-6 rtecenter\">&nbsp;<\/div>\n<div class=\"col-md-6 rtecenter\">&nbsp;<\/div>\n<\/div>\n<p>&nbsp;<\/p>\n","protected":false},"excerpt":{"rendered":"<p>&nbsp; Utilitzant una unitat de ventilaci\u00f3 amb recuperaci\u00f3 de calor NIBE pot realitzar la ventilaci\u00f3 del seu habitatge de la forma m\u00e9s eficient. Aquesta unitat recupera el calor de l&#8217;aire d&#8217;extracci\u00f3 i el cedeix a l&#8217;aire renovat que entra a l&#8217;habitatge evitant que entri a temperatura ambient. Aquestes unitats estan destinades tant per a noves [&hellip;]<\/p>\n","protected":false},"author":52,"featured_media":2385,"parent":0,"menu_order":0,"comment_status":"closed","ping_status":"closed","template":"","meta":{"_acf_changed":false,"footnotes":""},"class_list":["post-2387","page","type-page","status-publish","has-post-thumbnail","hentry"],"acf":[],"_links":{"self":[{"href":"https:\/\/tellusignis.com\/ca\/wp-json\/wp\/v2\/pages\/2387","targetHints":{"allow":["GET"]}}],"collection":[{"href":"https:\/\/tellusignis.com\/ca\/wp-json\/wp\/v2\/pages"}],"about":[{"href":"https:\/\/tellusignis.com\/ca\/wp-json\/wp\/v2\/types\/page"}],"author":[{"embeddable":true,"href":"https:\/\/tellusignis.com\/ca\/wp-json\/wp\/v2\/users\/52"}],"replies":[{"embeddable":true,"href":"https:\/\/tellusignis.com\/ca\/wp-json\/wp\/v2\/comments?post=2387"}],"version-history":[{"count":0,"href":"https:\/\/tellusignis.com\/ca\/wp-json\/wp\/v2\/pages\/2387\/revisions"}],"wp:featuredmedia":[{"embeddable":true,"href":"https:\/\/tellusignis.com\/ca\/wp-json\/wp\/v2\/media\/2385"}],"wp:attachment":[{"href":"https:\/\/tellusignis.com\/ca\/wp-json\/wp\/v2\/media?parent=2387"}],"curies":[{"name":"wp","href":"https:\/\/api.w.org\/{rel}","templated":true}]}}