{"id":4942,"date":"2025-04-16T11:24:59","date_gmt":"2025-04-16T09:24:59","guid":{"rendered":"https:\/\/tellusignis.com\/politica-de-privacidad\/"},"modified":"2025-06-25T09:49:38","modified_gmt":"2025-06-25T07:49:38","slug":"politica-de-privacitat","status":"publish","type":"page","link":"https:\/\/tellusignis.com\/ca\/politica-de-privacitat\/","title":{"rendered":"Pol\u00edtica de privacitat"},"content":{"rendered":"\n<h2 class=\"wp-block-heading\"><strong>Dades relatives al Responsable<\/strong><\/h2>\n\n\n\n<h3 class=\"wp-block-heading\"><strong>Responsable Tractament<\/strong><\/h3>\n\n\n\n<ul class=\"wp-block-list\">\n<li>Entitat: TELLUS IGNIS, SLU<\/li>\n\n\n\n<li>CIF de lentitat: B64928773<\/li>\n\n\n\n<li>Direcci\u00f3 de l&#8217;entitat: C\/ VALLVERIC, 85 1r 5a &#8211; (08304) MATARO<\/li>\n\n\n\n<li>Email de l&#8217;entitat: ANALIA.PEREZ@TELLUSIGNIS.COM<\/li>\n\n\n\n<li>Responsable del tractament: ANALIA PEREZ FELIPE<\/li>\n\n\n\n<li>Tel\u00e8fon del Responsable del tractament: 930013192<\/li>\n\n\n\n<li>Adre\u00e7a email del Responsable del tractament: ANALIA.PEREZ@TELLUSIGNIS.COM<\/li>\n<\/ul>\n\n\n\n<h2 class=\"wp-block-heading\"><strong>Finalitats<\/strong><\/h2>\n\n\n\n<p>En compliment del que disposa el Reglament Europeu 2016\/679 General de Protecci\u00f3 de Dades i la Llei Org\u00e0nica 3\/2018 de Protecci\u00f3 de Dades Personals i Garantia de Drets Digitals, us informem que, depenent de la relaci\u00f3 que tingui amb nosaltres, a TELLUS IGNIS, SLU tractem les dades que ens facilita per a alguna, o totes, les finalitats seg\u00fcents:<\/p>\n\n\n\n<ul class=\"wp-block-list\">\n<li>Consulta online<\/li>\n<\/ul>\n\n\n\n<h2 class=\"wp-block-heading\"><strong>Termini de conservaci\u00f3 de les dades<\/strong><\/h2>\n\n\n\n<p>Les seves dades seran conservades per un termini de 15 dies. En cas que requereixi la seva eliminaci\u00f3 de forma anticipada, sol\u00b7liciteu-ho mitjan\u00e7ant l&#8217;exercici del dret de supressi\u00f3. Aix\u00ed mateix, les dades que per motius legals hagin de ser emmagatzemades durant un temps necessari per complir normes espec\u00edfiques, seran bloquejades i \u00fanicament estaran a disposici\u00f3 de l&#8217;autoritat p\u00fablica corresponent.<\/p>\n\n\n\n<h2 class=\"wp-block-heading\"><strong>Legitimaci\u00f3<\/strong><\/h2>\n\n\n\n<p>La base legal per al tractament de les teves dades rau per:<\/p>\n\n\n\n<ul class=\"wp-block-list\">\n<li>Consentiment inequ\u00edvoc<\/li>\n<\/ul>\n\n\n\n<h2 class=\"wp-block-heading\"><strong>Destinataris<\/strong><\/h2>\n\n\n\n<p>Les vostres dades personals seran comunicades a tercers en els sup\u00f2sits seg\u00fcents:<\/p>\n\n\n\n<ul class=\"wp-block-list\">\n<li>No comparteixo les dades amb tercers.<\/li>\n<\/ul>\n\n\n\n<h2 class=\"wp-block-heading\"><strong>Drets<\/strong><\/h2>\n\n\n\n<p>Teniu dret a obtenir confirmaci\u00f3 sobre si a <strong>TELLUS IGNIS, SLU<\/strong> estem tractant dades personals que us concerneixin, o no.<\/p>\n\n\n\n<p>Aix\u00ed mateix, teniu dret d&#8217;acc\u00e9s a les vostres dades personals, aix\u00ed com a sol\u00b7licitar la rectificaci\u00f3 de les dades inexactes o, si escau, sol\u00b7licitar-ne la supressi\u00f3 quan, entre altres motius, les dades ja no siguin necess\u00e0ries per als fins que van ser recollides.<\/p>\n\n\n\n<p>En determinades circumst\u00e0ncies, podr\u00e0 sol\u00b7licitar la limitaci\u00f3 del tractament de les seves dades, cas en qu\u00e8 \u00fanicament les conservarem per a l&#8217;exercici o la defensa de reclamacions.<\/p>\n\n\n\n<p>Addicionalment, en determinades circumst\u00e0ncies i per motius relacionats amb la vostra situaci\u00f3 particular, podreu exercir el dret d&#8217;oposici\u00f3 al tractament de les vostres dades. <strong>TELLUS IGNIS, SLU<\/strong> deixar\u00e0 de tractar les dades, tret de motius leg\u00edtims imperiosos, o l&#8217;exercici o la defensa de possibles reclamacions.<\/p>\n\n\n\n<p>Aix\u00ed mateix, pot exercir el dret a la portabilitat de les dades, aix\u00ed com retirar els consentiments facilitats en qualsevol moment, sense que aix\u00f2 afecti la licitud del tractament basat en el consentiment previ a la seva retirada.<\/p>\n\n\n\n<p>Si voleu fer \u00fas de qualsevol dels vostres drets podeu fer-los a trav\u00e9s dels enlla\u00e7os habilitats que trobareu a continuaci\u00f3:<\/p>\n\n\n\n<ul class=\"wp-block-list\">\n<li>Per exercir el vostre dret <strong>d\u2019Acc\u00e9s<\/strong> feu clic&nbsp;<a href=\"https:\/\/intranet.laboralrgpd.com\/webApp\/clientes_derechos\/derechos-formulario.php?id_cliente=aTFuS1FwdUJ3OWFCTXRLRVVSZXFBUT09\" target=\"_blank\" rel=\"noreferrer noopener\">aqu\u00ed<\/a><\/li>\n\n\n\n<li>Per exercir el seu dret de <strong>Rectificaci\u00f3<\/strong>&nbsp;feu clic&nbsp;<a href=\"https:\/\/intranet.laboralrgpd.com\/webApp\/clientes_derechos\/derechos-formulario.php?id_cliente=aTFuS1FwdUJ3OWFCTXRLRVVSZXFBUT09\" target=\"_blank\" rel=\"noreferrer noopener\">aqu\u00ed<\/a><\/li>\n\n\n\n<li>Per exercir el seu dret de&nbsp;<strong>Supressi\u00f3 (Oblit)<\/strong>&nbsp;feu clic&nbsp;<a href=\"https:\/\/intranet.laboralrgpd.com\/webApp\/clientes_derechos\/derechos-formulario.php?id_cliente=aTFuS1FwdUJ3OWFCTXRLRVVSZXFBUT09\" target=\"_blank\" rel=\"noreferrer noopener\">aqu\u00ed<\/a><\/li>\n\n\n\n<li>Per exercir el seu dret de&nbsp;<strong>Limitaci\u00f3 del Tractament<\/strong>&nbsp;feu clic&nbsp;<a href=\"https:\/\/intranet.laboralrgpd.com\/webApp\/clientes_derechos\/derechos-formulario.php?id_cliente=aTFuS1FwdUJ3OWFCTXRLRVVSZXFBUT09\" target=\"_blank\" rel=\"noreferrer noopener\">aqu\u00ed<\/a><\/li>\n\n\n\n<li>Per exercir el vostre dret <strong>d\u2019Oposici\u00f3<\/strong>&nbsp;feu clic&nbsp;<a href=\"https:\/\/intranet.laboralrgpd.com\/webApp\/clientes_derechos\/derechos-formulario.php?id_cliente=aTFuS1FwdUJ3OWFCTXRLRVVSZXFBUT09\" target=\"_blank\" rel=\"noreferrer noopener\">aqu\u00ed<\/a><\/li>\n\n\n\n<li>Per exercir el seu dret de&nbsp;<strong>Portabilitat<\/strong>&nbsp;feu clic&nbsp;<a href=\"https:\/\/intranet.laboralrgpd.com\/webApp\/clientes_derechos\/derechos-formulario.php?id_cliente=aTFuS1FwdUJ3OWFCTXRLRVVSZXFBUT09\" target=\"_blank\" rel=\"noreferrer noopener\">aqu\u00ed<\/a><\/li>\n<\/ul>\n\n\n\n<p>Alternativament, tamb\u00e9 us podeu adre\u00e7ar a nosaltres mitjan\u00e7ant correu postal a la seg\u00fcent adre\u00e7a: <strong>C\/ VALLVERIC, 85 1r 5a &#8211; (08304) MATAR\u00d3<\/strong> adjuntat una fotoc\u00f2pia del DNI, per a la certesa de la seva identitat. Recordeu facilitar la major informaci\u00f3 possible sobre la vostra sol\u00b7licitud: Nom i cognoms, adre\u00e7a de correu electr\u00f2nic que utilitza per al compte o portal objecte de la vostra sol\u00b7licitud.<\/p>\n\n\n\n<p>Finalment, us informem que podeu adre\u00e7ar-vos davant l&#8217;Ag\u00e8ncia Espanyola de Protecci\u00f3 de Dades i altres organismes p\u00fablics competents per a qualsevol reclamaci\u00f3 derivada del tractament de les vostres dades personals.<\/p>\n\n\n\n<p><\/p>\n","protected":false},"excerpt":{"rendered":"<p>Dades relatives al Responsable Responsable Tractament Finalitats En compliment del que disposa el Reglament Europeu 2016\/679 General de Protecci\u00f3 de Dades i la Llei Org\u00e0nica 3\/2018 de Protecci\u00f3 de Dades Personals i Garantia de Drets Digitals, us informem que, depenent de la relaci\u00f3 que tingui amb nosaltres, a TELLUS IGNIS, SLU tractem les dades que [&hellip;]<\/p>\n","protected":false},"author":1,"featured_media":0,"parent":0,"menu_order":100,"comment_status":"closed","ping_status":"closed","template":"","meta":{"_acf_changed":false,"footnotes":""},"class_list":["post-4942","page","type-page","status-publish","hentry"],"acf":[],"_links":{"self":[{"href":"https:\/\/tellusignis.com\/ca\/wp-json\/wp\/v2\/pages\/4942","targetHints":{"allow":["GET"]}}],"collection":[{"href":"https:\/\/tellusignis.com\/ca\/wp-json\/wp\/v2\/pages"}],"about":[{"href":"https:\/\/tellusignis.com\/ca\/wp-json\/wp\/v2\/types\/page"}],"author":[{"embeddable":true,"href":"https:\/\/tellusignis.com\/ca\/wp-json\/wp\/v2\/users\/1"}],"replies":[{"embeddable":true,"href":"https:\/\/tellusignis.com\/ca\/wp-json\/wp\/v2\/comments?post=4942"}],"version-history":[{"count":3,"href":"https:\/\/tellusignis.com\/ca\/wp-json\/wp\/v2\/pages\/4942\/revisions"}],"predecessor-version":[{"id":4950,"href":"https:\/\/tellusignis.com\/ca\/wp-json\/wp\/v2\/pages\/4942\/revisions\/4950"}],"wp:attachment":[{"href":"https:\/\/tellusignis.com\/ca\/wp-json\/wp\/v2\/media?parent=4942"}],"curies":[{"name":"wp","href":"https:\/\/api.w.org\/{rel}","templated":true}]}}